{"id":4021,"date":"2020-11-02T09:11:45","date_gmt":"2020-11-02T09:11:45","guid":{"rendered":"http:\/\/incarlopsa.wearecactus.com\/?page_id=4021"},"modified":"2020-11-03T08:48:36","modified_gmt":"2020-11-03T08:48:36","slug":"legal-notice","status":"publish","type":"page","link":"https:\/\/incarlopsa.es\/en\/legal-notice\/","title":{"rendered":"Legal Notice"},"content":{"rendered":"\n<h4>IDENTIFICACI\u00d3N Y TITULARIDAD<\/h4>\n<p>En cumplimiento del art\u00edculo 10 de la Ley 34 \/ 2002, de 11 de julio, de Servicios de la Sociedad de la Informaci\u00f3n y Comercio Electr\u00f3nico, el Titular expone sus datos identificativos:<\/p>\n<ul>\n<li>Titular:\u00a0INDUSTRIAS C\u00c1RNICAS LORIENTE PIQUERAS, S.A.U., en adelante <strong>INCARLOPSA<\/strong>.<\/li>\n<li>Registro mercantil:\u00a0\u00a0Inscrita en el Registro Mercantil de Cuenca, al Folio 74, del Tomo 122 de Sociedades, Hoja CU-883.<\/li>\n<li>NIF:\u00a0\u00a0A-16009870.<\/li>\n<li>Domicilio:\u00a0Carretera N-400, Km. 95,4, Taranc\u00f3n (Cuenca).<\/li>\n<\/ul>\n<p>Al navegar por nuestra\u00a0p\u00e1gina\u00a0web usted acepta que su uso se rige de acuerdo con las condiciones descritas a continuaci\u00f3n. Como usuario, es importante que conozcas estos t\u00e9rminos antes de continuar tu navegaci\u00f3n. Si no est\u00e1 de acuerdo, por favor no acceda, navegue o utilice el Sitio Web.<\/p>\n<p><strong>INCARLOPSA<\/strong> se reserva el derecho a modificar la presentaci\u00f3n, configuraci\u00f3n y contenidos de la Web, as\u00ed como a modificar total o parcialmente sus T\u00e9rminos y Condiciones, informando en este caso de ello al usuario.<\/p>\n<p>Si usted tiene alguna pregunta o comentario acerca de las condiciones de uso de la web puede contactar con nosotros a trav\u00e9s del email <a href=\"mailto:info@incarlopsa.es\">info@incarlopsa.es<\/a>.<\/p>\n<p class=\"p1\"><span class=\"s1\">Como titular de esta web, asumimos el compromiso de procesar la informaci\u00f3n de nuestros usuarios y clientes con plenas garant\u00edas y cumplir con los requisitos nacionales y europeos que regulan la recopilaci\u00f3n y uso de los datos personales de nuestros usuarios. Esta web, por tanto, cumple rigurosamente con el RGPD (REGLAMENTO (UE) 2016\/679 de protecci\u00f3n de datos), la Ley Org\u00e1nica 3\/2018, de 5 de diciembre, de Protecci\u00f3n de Datos Personales y garant\u00eda de los derechos digitales y la LSSI-CE la Ley 34\/2002, de 11 de julio, de servicios de la sociedad de la informaci\u00f3n y de comercio electr\u00f3nico.<\/span><\/p>\n<h4>POL\u00cdTICA DE PRIVACIDAD<\/h4>\n<p>Leer\u00a0<a href=\"http:\/\/incarlopsa.wearecactus.com\/politica-de-proteccion-de-datos\/\" target=\"_blank\" rel=\"noopener noreferrer\">Pol\u00edtica de Protecci\u00f3n de Datos<\/a>.<\/p>\n<h4>COMPROMISOS Y OBLIGACIONES DE LOS USUARIOS<\/h4>\n<p>El Usuario queda informado, y acepta, que el acceso a la presente web no supone, en modo alguno, el inicio de una relaci\u00f3n comercial con <strong>INCARLOPSA<\/strong>. <br \/>El usuario se compromete a utilizar el sitio Web, sus servicios y contenidos sin contravenir la legislaci\u00f3n vigente, la buena fe y el orden p\u00fablico.<br \/>Queda prohibido el uso de la web, con fines il\u00edcitos o lesivos, o que, de cualquier forma, puedan causar perjuicio o impedir el normal funcionamiento del sitio web.<\/p>\n<p>Respecto de los contenidos y uso de esta web se proh\u00edbe cualquier uso contrario a legislaci\u00f3n vigente en cada momento y en particular para los siguientes usos (se mencionan a t\u00edtulo meramente enunciativo y no limitativo):<\/p>\n<ul>\n<li>Su reproducci\u00f3n, distribuci\u00f3n o modificaci\u00f3n, total o parcial, a menos que se cuente con la autorizaci\u00f3n de sus leg\u00edtimos titulares;<\/li>\n<li>Cualquier vulneraci\u00f3n de los derechos de propiedad intelectual de los leg\u00edtimos titulares;<\/li>\n<li>Su utilizaci\u00f3n para fines comerciales o publicitarios no solicitados (spam);<\/li>\n<li>Para atentar contra la moralidad p\u00fablica;<\/li>\n<li>Conductas que pudiera da\u00f1ar la imagen, intereses y derechos propios o de terceros;<\/li>\n<li>Que impidiera, de cualquier forma, la normal utilizaci\u00f3n de la web.<\/li>\n<\/ul>\n<h4>DERECHOS DE PROPIEDAD INTELECTUAL E INDUSTRIAL<\/h4>\n<p>Tanto el dise\u00f1o del sitio web y sus c\u00f3digos fuente, como los logos, marcas, y dem\u00e1s signos distintivos que aparecen en el mismo, pertenecen a <strong>INCARLOPSA<\/strong> o entidades colaboradoras y est\u00e1n protegidos por los correspondientes derechos de propiedad intelectual e industrial. Igualmente est\u00e1n protegidos por los correspondientes derechos de propiedad intelectual e industrial las im\u00e1genes, logos y melod\u00edas, etc. contenidos en el servidor de <strong>INCARLOPSA<\/strong>.<\/p>\n<p>En ning\u00fan momento podr\u00e1 entenderse que el uso o acceso a la p\u00e1gina web y\/o a los servicios ofertados en el mismo atribuyen al usuario derecho alguno sobre las citadas marcas, nombres comerciales y\/o signos distintivos.<\/p>\n<p>El uso, reproducci\u00f3n, distribuci\u00f3n, comunicaci\u00f3n p\u00fablica, transformaci\u00f3n o cualquier otra actividad similar o an\u00e1loga, incluida su modalidad de puesta a disposici\u00f3n, de la totalidad o parte de los contenidos de esta p\u00e1gina web, con fines comerciales, en cualquier soporte y por cualquier medio t\u00e9cnico queda totalmente prohibida salvo que medie expresa autorizaci\u00f3n de <strong>INCARLOPSA<\/strong>.<\/p>\n<p>El usuario se compromete a respetar los derechos de Propiedad Intelectual e Industrial titularidad de <strong>INCARLOPSA<\/strong>.<\/p>\n<p>El usuario conoce y acepta que la totalidad del sitio web, conteniendo sin car\u00e1cter exhaustivo el texto, software, contenidos (incluyendo estructura, selecci\u00f3n, ordenaci\u00f3n y presentaci\u00f3n de los mismos) podcast, fotograf\u00edas, material audiovisual y gr\u00e1ficos, est\u00e1 protegida por marcas, derechos de autor y otros derechos leg\u00edtimos, de acuerdo con los tratados internacionales en los que Espa\u00f1a es parte y otros derechos de propiedad y leyes de Espa\u00f1a.<\/p>\n<p>En el caso de que un usuario o un tercero consideren que se ha producido una violaci\u00f3n de sus leg\u00edtimos derechos de propiedad intelectual por la introducci\u00f3n de un determinado contenido en la web, deber\u00e1 notificar dicha circunstancia al email <a href=\"mailto:info@incarlopsa.es\">info@incarlopsa.es<\/a> a indicando:<\/p>\n<ul>\n<li>Datos personales del interesado titular de los derechos presuntamente infringidos, o indicar la representaci\u00f3n con la que act\u00faa en caso de que la reclamaci\u00f3n la presente un tercero distinto del interesado.<\/li>\n<li>Se\u00f1alar los contenidos protegidos por los derechos de propiedad intelectual y su ubicaci\u00f3n en la web, la acreditaci\u00f3n de los derechos de propiedad intelectual se\u00f1alados y declaraci\u00f3n expresa en la que el interesado se responsabiliza de la veracidad de las informaciones facilitadas en la notificaci\u00f3n<\/li>\n<\/ul>\n<h4>ENLACES EXTERNOS<\/h4>\n<p>La presente p\u00e1gina web puede contener enlaces a p\u00e1ginas web de terceros. <strong>INCARLOPSA<\/strong> no se hace responsable por el contenido del enlace de dichas p\u00e1ginas. Los riesgos derivados de la utilizaci\u00f3n de estas p\u00e1ginas son por cuenta y responsabilidad del usuario.<\/p>\n<p>Todos aquellos que pretendan establecer un enlace, hiperv\u00ednculo entre su p\u00e1gina Web y la presente web deber\u00e1n obtener con car\u00e1cter previo la autorizaci\u00f3n de <strong>INCARLOPSA<\/strong>.<\/p>\n<h4>EXCLUSI\u00d3N DE GARANT\u00cdAS Y RESPONSABILIDAD<\/h4>\n<p><strong>INCARLOPSA<\/strong> ha creado el Sitio para la difusi\u00f3n de su actividad y para facilitar el acceso a sus servicios, pero no puede controlar la utilizaci\u00f3n del mismo de forma distinta a la prevista en el presente Aviso Legal; por tanto el acceso al sitio web y el uso correcto de la informaci\u00f3n contenida en el mismo son responsabilidad de quien realiza estas acciones, no siendo responsable <strong>INCARLOPSA<\/strong> por el uso incorrecto, il\u00edcito o negligente que del mismo pudiere hacer el usuario, ni del conocimiento que puedan tener terceros no autorizados de la clase, condiciones, caracter\u00edsticas y circunstancias del uso que los usuarios hacen de la p\u00e1gina web y de los servicios.<\/p>\n<p>Asimismo, <strong>INCARLOPSA<\/strong> tampoco ser\u00e1 responsable de los perjuicios de toda naturaleza que puedan deberse a la suplantaci\u00f3n de la personalidad de un tercero efectuada por un usuario en cualquier clase de comunicaci\u00f3n realizada a trav\u00e9s del Sitio.<\/p>\n<p><strong>INCARLOPSA<\/strong> facilita todos los contenidos de su web de buena fe y realizar\u00e1 sus mejores esfuerzos para que los mismos est\u00e9n permanentemente actualizados y vigentes; no obstante, <strong>INCARLOPSA<\/strong> no puede asumir responsabilidad alguna respecto al uso o acceso que realicen los usuarios fuera del \u00e1mbito al que se dirige la web, cuya responsabilidad final recaer\u00e1 sobre el usuario.<\/p>\n<p><strong>INCARLOPSA<\/strong> se compromete a aplicar todas las medidas necesarias para intentar garantizar al usuario la ausencia de virus, gusanos, troyanos y elementos similares en la p\u00e1gina web. No obstante, estas medidas no son infalibles y, por ello, no puede asegurar totalmente la ausencia de dichos elementos nocivos. En consecuencia, <strong>INCARLOPSA<\/strong> no ser\u00e1 responsable de los da\u00f1os que los mismos pudieran producir al Usuario.<\/p>\n<p><strong>INCARLOPSA<\/strong> ha concluido todos los contratos necesarios para la continuidad de la p\u00e1gina web y realizar\u00e1 sus mejores esfuerzos para que el mismo no sufra interrupciones, pero no puede garantizar la ausencia de fallos tecnol\u00f3gicos, ni la permanente disponibilidad de la web y de los servicios contenidos en \u00e9l y, en consecuencia, no asume responsabilidad alguna por los da\u00f1os y perjuicios que puedan generarse por la falta de disponibilidad y por los fallos en el acceso ocasionados por desconexiones, aver\u00edas, sobrecargas o ca\u00eddas de la red no imputables a <strong>INCARLOPSA<\/strong>.<\/p>\n<h4>LEY APLICABLE Y JURISDICCI\u00d3N<\/h4>\n<p>Para los conflictos de interpretaci\u00f3n y ejecuci\u00f3n derivados del uso de la Web ser\u00e1 de aplicaci\u00f3n la legislaci\u00f3n espa\u00f1ola vigente y los Juzgados y Tribunales de Taranc\u00f3n (Cuenca, Espa\u00f1a), siempre que la normativa vigente al efecto prevea la posibilidad que las partes puedan someterse a un fuero determinado.<\/p>\n","protected":false},"excerpt":{"rendered":"<p>IDENTIFICACI\u00d3N Y TITULARIDAD En cumplimiento del art\u00edculo 10 de la Ley 34 \/ 2002, de 11 de julio, de Servicios de la Sociedad de la Informaci\u00f3n y Comercio Electr\u00f3nico, el Titular expone sus datos identificativos: Titular:\u00a0INDUSTRIAS C\u00c1RNICAS LORIENTE PIQUERAS, S.A.U., en adelante INCARLOPSA. Registro mercantil:\u00a0\u00a0Inscrita en el Registro Mercantil de Cuenca, al Folio 74, del [&hellip;]<\/p>\n","protected":false},"author":1,"featured_media":0,"parent":0,"menu_order":0,"comment_status":"closed","ping_status":"closed","template":"","meta":{"_acf_changed":false,"footnotes":""},"class_list":["post-4021","page","type-page","status-publish","hentry"],"acf":[],"yoast_head":"<!-- This site is optimized with the Yoast SEO plugin v27.5 - https:\/\/yoast.com\/product\/yoast-seo-wordpress\/ -->\n<title>Legal Notice &#8211; Incarlopsa<\/title>\n<meta name=\"robots\" content=\"index, follow, max-snippet:-1, max-image-preview:large, max-video-preview:-1\" \/>\n<link rel=\"canonical\" href=\"https:\/\/incarlopsa.es\/en\/legal-notice\/\" \/>\n<meta property=\"og:locale\" content=\"en_US\" \/>\n<meta property=\"og:type\" content=\"article\" \/>\n<meta property=\"og:title\" content=\"Legal Notice &#8211; Incarlopsa\" \/>\n<meta property=\"og:description\" content=\"IDENTIFICACI\u00d3N Y TITULARIDAD En cumplimiento del art\u00edculo 10 de la Ley 34 \/ 2002, de 11 de julio, de Servicios de la Sociedad de la Informaci\u00f3n y Comercio Electr\u00f3nico, el Titular expone sus datos identificativos: Titular:\u00a0INDUSTRIAS C\u00c1RNICAS LORIENTE PIQUERAS, S.A.U., en adelante INCARLOPSA. Registro mercantil:\u00a0\u00a0Inscrita en el Registro Mercantil de Cuenca, al Folio 74, del [&hellip;]\" \/>\n<meta property=\"og:url\" content=\"https:\/\/incarlopsa.es\/en\/legal-notice\/\" \/>\n<meta property=\"og:site_name\" content=\"Incarlopsa\" \/>\n<meta property=\"article:publisher\" content=\"https:\/\/www.facebook.com\/Incarlopsa\/?rf=243896762630300\" \/>\n<meta property=\"article:modified_time\" content=\"2020-11-03T08:48:36+00:00\" \/>\n<meta name=\"twitter:card\" content=\"summary_large_image\" \/>\n<meta name=\"twitter:label1\" content=\"Est. reading time\" \/>\n\t<meta name=\"twitter:data1\" content=\"7 minutes\" \/>\n<script type=\"application\/ld+json\" class=\"yoast-schema-graph\">{\"@context\":\"https:\\\/\\\/schema.org\",\"@graph\":[{\"@type\":\"WebPage\",\"@id\":\"https:\\\/\\\/incarlopsa.es\\\/en\\\/legal-notice\\\/\",\"url\":\"https:\\\/\\\/incarlopsa.es\\\/en\\\/legal-notice\\\/\",\"name\":\"Legal Notice &#8211; Incarlopsa\",\"isPartOf\":{\"@id\":\"https:\\\/\\\/incarlopsa.es\\\/en\\\/#website\"},\"datePublished\":\"2020-11-02T09:11:45+00:00\",\"dateModified\":\"2020-11-03T08:48:36+00:00\",\"breadcrumb\":{\"@id\":\"https:\\\/\\\/incarlopsa.es\\\/en\\\/legal-notice\\\/#breadcrumb\"},\"inLanguage\":\"en-US\",\"potentialAction\":[{\"@type\":\"ReadAction\",\"target\":[\"https:\\\/\\\/incarlopsa.es\\\/en\\\/legal-notice\\\/\"]}]},{\"@type\":\"BreadcrumbList\",\"@id\":\"https:\\\/\\\/incarlopsa.es\\\/en\\\/legal-notice\\\/#breadcrumb\",\"itemListElement\":[{\"@type\":\"ListItem\",\"position\":1,\"name\":\"Portada\",\"item\":\"https:\\\/\\\/incarlopsa.es\\\/en\\\/?lang=en\"},{\"@type\":\"ListItem\",\"position\":2,\"name\":\"Legal Notice\"}]},{\"@type\":\"WebSite\",\"@id\":\"https:\\\/\\\/incarlopsa.es\\\/en\\\/#website\",\"url\":\"https:\\\/\\\/incarlopsa.es\\\/en\\\/\",\"name\":\"Incarlopsa\",\"description\":\"Quality from nature\",\"potentialAction\":[{\"@type\":\"SearchAction\",\"target\":{\"@type\":\"EntryPoint\",\"urlTemplate\":\"https:\\\/\\\/incarlopsa.es\\\/en\\\/?s={search_term_string}\"},\"query-input\":{\"@type\":\"PropertyValueSpecification\",\"valueRequired\":true,\"valueName\":\"search_term_string\"}}],\"inLanguage\":\"en-US\"}]}<\/script>\n<!-- \/ Yoast SEO plugin. -->","yoast_head_json":{"title":"Legal Notice &#8211; Incarlopsa","robots":{"index":"index","follow":"follow","max-snippet":"max-snippet:-1","max-image-preview":"max-image-preview:large","max-video-preview":"max-video-preview:-1"},"canonical":"https:\/\/incarlopsa.es\/en\/legal-notice\/","og_locale":"en_US","og_type":"article","og_title":"Legal Notice &#8211; Incarlopsa","og_description":"IDENTIFICACI\u00d3N Y TITULARIDAD En cumplimiento del art\u00edculo 10 de la Ley 34 \/ 2002, de 11 de julio, de Servicios de la Sociedad de la Informaci\u00f3n y Comercio Electr\u00f3nico, el Titular expone sus datos identificativos: Titular:\u00a0INDUSTRIAS C\u00c1RNICAS LORIENTE PIQUERAS, S.A.U., en adelante INCARLOPSA. Registro mercantil:\u00a0\u00a0Inscrita en el Registro Mercantil de Cuenca, al Folio 74, del [&hellip;]","og_url":"https:\/\/incarlopsa.es\/en\/legal-notice\/","og_site_name":"Incarlopsa","article_publisher":"https:\/\/www.facebook.com\/Incarlopsa\/?rf=243896762630300","article_modified_time":"2020-11-03T08:48:36+00:00","twitter_card":"summary_large_image","twitter_misc":{"Est. reading time":"7 minutes"},"schema":{"@context":"https:\/\/schema.org","@graph":[{"@type":"WebPage","@id":"https:\/\/incarlopsa.es\/en\/legal-notice\/","url":"https:\/\/incarlopsa.es\/en\/legal-notice\/","name":"Legal Notice &#8211; Incarlopsa","isPartOf":{"@id":"https:\/\/incarlopsa.es\/en\/#website"},"datePublished":"2020-11-02T09:11:45+00:00","dateModified":"2020-11-03T08:48:36+00:00","breadcrumb":{"@id":"https:\/\/incarlopsa.es\/en\/legal-notice\/#breadcrumb"},"inLanguage":"en-US","potentialAction":[{"@type":"ReadAction","target":["https:\/\/incarlopsa.es\/en\/legal-notice\/"]}]},{"@type":"BreadcrumbList","@id":"https:\/\/incarlopsa.es\/en\/legal-notice\/#breadcrumb","itemListElement":[{"@type":"ListItem","position":1,"name":"Portada","item":"https:\/\/incarlopsa.es\/en\/?lang=en"},{"@type":"ListItem","position":2,"name":"Legal Notice"}]},{"@type":"WebSite","@id":"https:\/\/incarlopsa.es\/en\/#website","url":"https:\/\/incarlopsa.es\/en\/","name":"Incarlopsa","description":"Quality from nature","potentialAction":[{"@type":"SearchAction","target":{"@type":"EntryPoint","urlTemplate":"https:\/\/incarlopsa.es\/en\/?s={search_term_string}"},"query-input":{"@type":"PropertyValueSpecification","valueRequired":true,"valueName":"search_term_string"}}],"inLanguage":"en-US"}]}},"_links":{"self":[{"href":"https:\/\/incarlopsa.es\/en\/wp-json\/wp\/v2\/pages\/4021","targetHints":{"allow":["GET"]}}],"collection":[{"href":"https:\/\/incarlopsa.es\/en\/wp-json\/wp\/v2\/pages"}],"about":[{"href":"https:\/\/incarlopsa.es\/en\/wp-json\/wp\/v2\/types\/page"}],"author":[{"embeddable":true,"href":"https:\/\/incarlopsa.es\/en\/wp-json\/wp\/v2\/users\/1"}],"replies":[{"embeddable":true,"href":"https:\/\/incarlopsa.es\/en\/wp-json\/wp\/v2\/comments?post=4021"}],"version-history":[{"count":5,"href":"https:\/\/incarlopsa.es\/en\/wp-json\/wp\/v2\/pages\/4021\/revisions"}],"predecessor-version":[{"id":4033,"href":"https:\/\/incarlopsa.es\/en\/wp-json\/wp\/v2\/pages\/4021\/revisions\/4033"}],"wp:attachment":[{"href":"https:\/\/incarlopsa.es\/en\/wp-json\/wp\/v2\/media?parent=4021"}],"curies":[{"name":"wp","href":"https:\/\/api.w.org\/{rel}","templated":true}]}}